{"id":497,"date":"2019-11-21T10:07:53","date_gmt":"2019-11-21T09:07:53","guid":{"rendered":"https:\/\/catedraeficiencia.umh.es\/?page_id=497"},"modified":"2019-11-26T12:36:27","modified_gmt":"2019-11-26T11:36:27","slug":"conferencia-prof-jose-luis-zofio","status":"publish","type":"page","link":"https:\/\/catedraeficiencia.umh.es\/en\/actividades\/2019-2\/conferencia-prof-jose-luis-zofio\/","title":{"rendered":"Conferencia Prof. Jos\u00e9 Luis Zof\u00edo"},"content":{"rendered":"<p><strong>Title:<\/strong> The Decompositions of Cost Variation<\/p>\n<p><strong>Speaker:<\/strong>&nbsp;Jos\u00e9 Luis Zof\u00edo (Universidad Aut\u00f3noma de Madrid)<\/p>\n<p><strong><span lang=\"EN-US\">Date:<\/span><\/strong><span lang=\"EN-US\">&nbsp;Jueves 7 de noviembre de 2019,&nbsp;12:30 h.<\/span><\/p>\n<p><strong>Localization: <\/strong>&nbsp;Sala de Seminarios del CIO, Edificio Torretamarit,&nbsp;Universidad Miguel Hern\u00e1ndez&nbsp;(Campus de Elche)<\/p>\n<p style=\"text-align: justify\"><strong>Abstract: <\/strong>In this paper a number of meaningful and empirically implementable decompositions of the cost variation (in difference and ratio form) are developed. The components distinguished are price level change, technical efficiency change, allocative efficiency change, technological change, scale of activity change, and price structure change. Given data from a (balanced) panel of production units, all the necessary ingredients for the computation of the various decompositions can be obtained by using linear programming techniques. An application is provided.<\/p>\n<p><\/p>","protected":false},"excerpt":{"rendered":"<p>Title: The Decompositions of Cost Variation<br \/>\nSpeaker:&nbsp;Jos\u00e9 Luis Zof\u00edo (Universidad Aut\u00f3noma de Madrid)<br \/>\nDate:&nbsp;Jueves 7 de noviembre de 2019,&nbsp;12:30 h.<br \/>\nLocalization: &nbsp;Sala de Seminarios del CIO, Edificio Torretamarit,&nbsp;Universidad Miguel Hern\u00e1ndez&nbsp;(Campus de Elche)<br \/>\nAbstract: In this paper a number of meaningful and empirically implementable decompositions of the cost variation (in difference and ratio form) are developed. The components distinguished are [&#8230;]<\/p>\n","protected":false},"author":277,"featured_media":0,"parent":486,"menu_order":17,"comment_status":"closed","ping_status":"closed","template":"","meta":{"ngg_post_thumbnail":0,"_links_to":"","_links_to_target":""},"_links":{"self":[{"href":"https:\/\/catedraeficiencia.umh.es\/en\/wp-json\/wp\/v2\/pages\/497"}],"collection":[{"href":"https:\/\/catedraeficiencia.umh.es\/en\/wp-json\/wp\/v2\/pages"}],"about":[{"href":"https:\/\/catedraeficiencia.umh.es\/en\/wp-json\/wp\/v2\/types\/page"}],"author":[{"embeddable":true,"href":"https:\/\/catedraeficiencia.umh.es\/en\/wp-json\/wp\/v2\/users\/277"}],"replies":[{"embeddable":true,"href":"https:\/\/catedraeficiencia.umh.es\/en\/wp-json\/wp\/v2\/comments?post=497"}],"version-history":[{"count":0,"href":"https:\/\/catedraeficiencia.umh.es\/en\/wp-json\/wp\/v2\/pages\/497\/revisions"}],"up":[{"embeddable":true,"href":"https:\/\/catedraeficiencia.umh.es\/en\/wp-json\/wp\/v2\/pages\/486"}],"wp:attachment":[{"href":"https:\/\/catedraeficiencia.umh.es\/en\/wp-json\/wp\/v2\/media?parent=497"}],"curies":[{"name":"wp","href":"https:\/\/api.w.org\/{rel}","templated":true}]}}