{"id":269,"date":"2017-01-17T08:17:40","date_gmt":"2017-01-17T08:17:40","guid":{"rendered":"http:\/\/catedraeficiencia.umh.es\/?page_id=269"},"modified":"2017-03-14T07:57:18","modified_gmt":"2017-03-14T07:57:18","slug":"conferencia-del-prof-jon-mikel-zabala-iturriagagoitia","status":"publish","type":"page","link":"https:\/\/catedraeficiencia.umh.es\/en\/actividades\/2017-2\/conferencia-del-prof-jon-mikel-zabala-iturriagagoitia\/","title":{"rendered":"Conference del Prof. Jon Mikel Zabala-Iturriagagoitia"},"content":{"rendered":"<p><\/p>\n<p style=\"margin: 0px 0px 10px;padding: 0px;color: #555555;text-indent: 0px;letter-spacing: normal;font-family: Verdana, 'BitStream vera Sans', Tahoma, Helvetica, sans-serif;font-size: 11px;font-style: normal;font-weight: normal;background-color: #ffffff\"><strong>T\u00edtulo:<\/strong><span class=\"Apple-converted-space\">\u00a0\u00bfPueden la f\u00edsica cu\u00e1ntica y la biolog\u00eda molecular ayudar a redefinir la econom\u00eda evolucionista?<\/span><\/p>\n<p style=\"margin: 0px 0px 10px;padding: 0px;color: #555555;text-indent: 0px;letter-spacing: normal;font-family: Verdana, 'BitStream vera Sans', Tahoma, Helvetica, sans-serif;font-size: 11px;font-style: normal;font-weight: normal;background-color: #ffffff\"><strong>Ponente:<span class=\"Apple-converted-space\">\u00a0<\/span><\/strong>Jon Mikel Zabala-Iturriagagoitia (Universidad de Deusto)<\/p>\n<p style=\"margin: 0px 0px 10px;padding: 0px;color: #555555;text-indent: 0px;letter-spacing: normal;font-family: Verdana, 'BitStream vera Sans', Tahoma, Helvetica, sans-serif;font-size: 11px;font-style: normal;font-weight: normal;background-color: #ffffff\"><strong>Fecha:<\/strong>\u00a002\/02\/2017 13:00h<\/p>\n<p style=\"margin: 0px 0px 10px;padding: 0px;color: #555555;text-indent: 0px;letter-spacing: normal;font-family: Verdana, 'BitStream vera Sans', Tahoma, Helvetica, sans-serif;font-size: 11px;font-style: normal;font-weight: normal;background-color: #ffffff\"><strong>Lugar:<\/strong><span class=\"Apple-converted-space\">\u00a0<\/span>Sala de Seminarios, Edificio Torretamarit<\/p>\n<p style=\"margin: 0px 0px 10px;padding: 0px;text-align: justify;color: #555555;text-indent: 0px;letter-spacing: normal;font-family: Verdana, 'BitStream vera Sans', Tahoma, Helvetica, sans-serif;font-size: 11px;font-style: normal;font-weight: normal;background-color: #ffffff\"><strong>Resumen:<\/strong><br \/>\nEste art\u00edculo se centra en el estudio de las din\u00e1micas observadas en el ecosistema de Internet, al que se considera como una ilustraci\u00f3n de los abruptos cambios que est\u00e1n ocurriendo en los conocidos como entornos de alta velocidad. Los principios en los que est\u00e1 fundamentada la econom\u00eda evolutiva (i.e. herencia, variedad y selecci\u00f3n), de car\u00e1cter principalmente Darwinista, no ayudan a explicar los r\u00e1pidos movimientos que est\u00e1n teniendo lugar en el mundo digital. Se hace necesario por tanto reconsiderar estos principios, para poder as\u00ed mejorar la capacidad anal\u00edtica de la econom\u00eda evolucionista a la hora de explicar estos r\u00e1pidos cambios, que est\u00e1n ocurriendo con mayor frecuencia e intensidad en la mayor\u00eda de las econom\u00edas. Abordar este \u2018gap\u2019 y contribuir al avance de la teor\u00eda de la econom\u00eda evolucionista es el objetivo \u00faltimo de este proyecto.<\/p>\n<p style=\"margin: 0px 0px 10px;padding: 0px;text-align: justify;color: #555555;text-indent: 0px;letter-spacing: normal;font-family: Verdana, 'BitStream vera Sans', Tahoma, Helvetica, sans-serif;font-size: 11px;font-style: normal;font-weight: normal;background-color: #ffffff\">Para ello, tratamos de ver el potencial derivado de la fertilizaci\u00f3n cruzada de dos disciplinas cient\u00edficas de las que emanan nuevos conceptos no considerados hasta la fecha en la econom\u00eda evolucionista: la biolog\u00eda molecular, de la cual se desprende el principio de la epigen\u00e9tica, y la f\u00edsica cu\u00e1ntica de la cual se derivan conceptos como la superposici\u00f3n cu\u00e1ntica, el entrelazamiento cu\u00e1ntico y el colapso cu\u00e1ntico. El art\u00edculo ofrece una agenda de investigaci\u00f3n a desarrollar en los pr\u00f3ximos a\u00f1os.<\/p>\n<p style=\"margin: 0px 0px 10px;padding: 0px;text-align: justify;color: #555555;text-indent: 0px;letter-spacing: normal;font-family: Verdana, 'BitStream vera Sans', Tahoma, Helvetica, sans-serif;font-size: 11px;font-style: normal;font-weight: normal;background-color: #ffffff\"><strong>V\u00eddeo:<\/strong><\/p>\n<p><iframe loading=\"lazy\"  style=\"display: block; margin: 0px auto;\"  id=\"_ytid_15654\"  width=\"480\" height=\"270\"  data-origwidth=\"480\" data-origheight=\"270\" src=\"https:\/\/www.youtube.com\/embed\/vj5NzR6lADs?enablejsapi=1&#038;list=PLCEwy9MbnRaCPdJhcgR_2mqASK259tijM&lt;!--:--&gt;&#038;autoplay=0&#038;cc_load_policy=0&#038;cc_lang_pref=&#038;iv_load_policy=1&#038;loop=0&#038;modestbranding=0&#038;rel=1&#038;fs=1&#038;playsinline=0&#038;autohide=2&#038;theme=dark&#038;color=red&#038;controls=1&#038;\" class=\"__youtube_prefs__  epyt-is-override  no-lazyload\" title=\"YouTube player\"  allow=\"accelerometer; autoplay; clipboard-write; encrypted-media; gyroscope; picture-in-picture\" allowfullscreen data-no-lazy=\"1\" data-skipgform_ajax_framebjll=\"\"><\/iframe><\/p>","protected":false},"excerpt":{"rendered":"<p>T\u00edtulo:\u00a0\u00bfPueden la f\u00edsica cu\u00e1ntica y la biolog\u00eda molecular ayudar a redefinir la econom\u00eda evolucionista?<br \/>\nPonente:\u00a0Jon Mikel Zabala-Iturriagagoitia (Universidad de Deusto)<br \/>\nFecha:\u00a002\/02\/2017 13:00h<br \/>\nLugar:\u00a0Sala de Seminarios, Edificio Torretamarit<br \/>\nResumen:<br \/>\nEste art\u00edculo se centra en el estudio de las din\u00e1micas observadas en el ecosistema de Internet, al que se considera como una ilustraci\u00f3n de los abruptos cambios que est\u00e1n ocurriendo en los [&#8230;]<\/p>\n","protected":false},"author":277,"featured_media":0,"parent":263,"menu_order":20,"comment_status":"closed","ping_status":"closed","template":"","meta":{"ngg_post_thumbnail":0,"_links_to":"","_links_to_target":""},"_links":{"self":[{"href":"https:\/\/catedraeficiencia.umh.es\/en\/wp-json\/wp\/v2\/pages\/269"}],"collection":[{"href":"https:\/\/catedraeficiencia.umh.es\/en\/wp-json\/wp\/v2\/pages"}],"about":[{"href":"https:\/\/catedraeficiencia.umh.es\/en\/wp-json\/wp\/v2\/types\/page"}],"author":[{"embeddable":true,"href":"https:\/\/catedraeficiencia.umh.es\/en\/wp-json\/wp\/v2\/users\/277"}],"replies":[{"embeddable":true,"href":"https:\/\/catedraeficiencia.umh.es\/en\/wp-json\/wp\/v2\/comments?post=269"}],"version-history":[{"count":0,"href":"https:\/\/catedraeficiencia.umh.es\/en\/wp-json\/wp\/v2\/pages\/269\/revisions"}],"up":[{"embeddable":true,"href":"https:\/\/catedraeficiencia.umh.es\/en\/wp-json\/wp\/v2\/pages\/263"}],"wp:attachment":[{"href":"https:\/\/catedraeficiencia.umh.es\/en\/wp-json\/wp\/v2\/media?parent=269"}],"curies":[{"name":"wp","href":"https:\/\/api.w.org\/{rel}","templated":true}]}}