{"id":26,"date":"2015-01-19T17:50:17","date_gmt":"2015-01-19T17:50:17","guid":{"rendered":"http:\/\/catedraeficiencia.umh.es\/?page_id=26"},"modified":"2020-09-17T19:59:31","modified_gmt":"2020-09-17T17:59:31","slug":"consejo","status":"publish","type":"page","link":"https:\/\/catedraeficiencia.umh.es\/en\/consejo\/","title":{"rendered":"Advisory board"},"content":{"rendered":"<p>&nbsp;<\/p>\n<p><big><strong><a href=\"https:\/\/catedraeficiencia.umh.es\/files\/2015\/01\/IMG_8100.jpg\"><img loading=\"lazy\" class=\"aligncenter\" src=\"https:\/\/catedraeficiencia.umh.es\/files\/2015\/01\/IMG_8100-300x200.jpg\" alt=\"IMG_8100\" width=\"300\" height=\"200\"><\/a><\/strong><\/big><\/p>\n<p>&nbsp;<\/p>\n<p><span style=\"color: #993300\"><big><strong><big><strong>DIRECTOR:<\/strong><\/big><\/strong><\/big><\/span><\/p>\n<p><strong>C.A. Knox Lovell<\/strong><br \/>\n<span style=\"color: #888888\">Economist. Honorary Professor of the School of Economics at the University of Queensland (Australia) and Doctor Honoris Causa by the UMH since 2010.&nbsp;<\/span><\/p>\n<p>&nbsp;<\/p>\n<p><span style=\"color: #993300\"><big><strong><big><strong>CO-DIRECTOR:<\/strong><\/big><\/strong><\/big><\/span><\/p>\n<p><strong>Juan Aparicio Baeza <\/strong><br \/>\n<span style=\"color: #888888\">Researcher at the University Institute&nbsp; Operations Research Centre (ORC) of the UMH.&nbsp;Lecturer of the Department of Statistics, Mathematics and Computer Science, UMH.<\/span><\/p>\n<p>&nbsp;<\/p>\n<p><span style=\"color: #993300\"><big><b>MEMBER<\/b><\/big><\/span><\/p>\n<p><strong>Jos\u00e9 Mar\u00eda Garc\u00eda de los R\u00edos Gonz\u00e1lez<\/strong><br \/>\n<span style=\"color: #888888\">Santander Group.<\/span><\/p>\n<p>&nbsp;<\/p>\n<p><span style=\"color: #993300\"><big><b>MEMBER<\/b><\/big><\/span><\/p>\n<p><strong>Joaqu\u00edn Manuel Molina Moreno<\/strong><br \/>\n<span style=\"color: #888888\">&nbsp;Santander Group.<\/span><\/p>","protected":false},"excerpt":{"rendered":"<p>&nbsp;<\/p>\n<p>&nbsp;<br \/>\nDIRECTOR:<br \/>\nC.A. Knox Lovell<br \/>\nEconomist. Honorary Professor of the School of Economics at the University of Queensland (Australia) and Doctor Honoris Causa by the UMH since 2010.&nbsp;<br \/>\n&nbsp;<br \/>\nCO-DIRECTOR:<br \/>\nJuan Aparicio Baeza<br \/>\nResearcher at the University Institute&nbsp; Operations Research Centre (ORC) of the UMH.&nbsp;Lecturer of the Department of Statistics, Mathematics and Computer Science, UMH.<br \/>\n&nbsp;<br \/>\nMEMBER<br \/>\nJos\u00e9 Mar\u00eda Garc\u00eda de los R\u00edos Gonz\u00e1lez<br \/>\nSantander [&#8230;]<\/p>\n","protected":false},"author":277,"featured_media":0,"parent":0,"menu_order":0,"comment_status":"closed","ping_status":"open","template":"","meta":{"ngg_post_thumbnail":0,"_links_to":"","_links_to_target":""},"_links":{"self":[{"href":"https:\/\/catedraeficiencia.umh.es\/en\/wp-json\/wp\/v2\/pages\/26"}],"collection":[{"href":"https:\/\/catedraeficiencia.umh.es\/en\/wp-json\/wp\/v2\/pages"}],"about":[{"href":"https:\/\/catedraeficiencia.umh.es\/en\/wp-json\/wp\/v2\/types\/page"}],"author":[{"embeddable":true,"href":"https:\/\/catedraeficiencia.umh.es\/en\/wp-json\/wp\/v2\/users\/277"}],"replies":[{"embeddable":true,"href":"https:\/\/catedraeficiencia.umh.es\/en\/wp-json\/wp\/v2\/comments?post=26"}],"version-history":[{"count":0,"href":"https:\/\/catedraeficiencia.umh.es\/en\/wp-json\/wp\/v2\/pages\/26\/revisions"}],"wp:attachment":[{"href":"https:\/\/catedraeficiencia.umh.es\/en\/wp-json\/wp\/v2\/media?parent=26"}],"curies":[{"name":"wp","href":"https:\/\/api.w.org\/{rel}","templated":true}]}}