{"id":247,"date":"2016-12-13T07:52:50","date_gmt":"2016-12-13T07:52:50","guid":{"rendered":"http:\/\/catedraeficiencia.umh.es\/?page_id=247"},"modified":"2017-01-12T09:16:42","modified_gmt":"2017-01-12T09:16:42","slug":"conferencia-de-d-ramon-puigcercos","status":"publish","type":"page","link":"https:\/\/catedraeficiencia.umh.es\/en\/actividades\/2016-2\/conferencia-de-d-ramon-puigcercos\/","title":{"rendered":"<span lang=\"es\">(Espa\u00f1ol) Conferencia de D. Ram\u00f3n Puigcerc\u00f3s<\/span>"},"content":{"rendered":"<p class=\"qtranxs-available-languages-message qtranxs-available-languages-message-en\">Sorry, this entry is only available in <a href=\"https:\/\/catedraeficiencia.umh.es\/es\/wp-json\/wp\/v2\/pages\/247\" class=\"qtranxs-available-language-link qtranxs-available-language-link-es\" title=\"Espa\u00f1ol\">European Spanish<\/a>.<\/p>","protected":false},"excerpt":{"rendered":"<p>Sorry, this entry is only available in European Spanish.<\/p>\n","protected":false},"author":277,"featured_media":0,"parent":184,"menu_order":130,"comment_status":"closed","ping_status":"closed","template":"","meta":{"ngg_post_thumbnail":0,"_links_to":"","_links_to_target":""},"_links":{"self":[{"href":"https:\/\/catedraeficiencia.umh.es\/en\/wp-json\/wp\/v2\/pages\/247"}],"collection":[{"href":"https:\/\/catedraeficiencia.umh.es\/en\/wp-json\/wp\/v2\/pages"}],"about":[{"href":"https:\/\/catedraeficiencia.umh.es\/en\/wp-json\/wp\/v2\/types\/page"}],"author":[{"embeddable":true,"href":"https:\/\/catedraeficiencia.umh.es\/en\/wp-json\/wp\/v2\/users\/277"}],"replies":[{"embeddable":true,"href":"https:\/\/catedraeficiencia.umh.es\/en\/wp-json\/wp\/v2\/comments?post=247"}],"version-history":[{"count":0,"href":"https:\/\/catedraeficiencia.umh.es\/en\/wp-json\/wp\/v2\/pages\/247\/revisions"}],"up":[{"embeddable":true,"href":"https:\/\/catedraeficiencia.umh.es\/en\/wp-json\/wp\/v2\/pages\/184"}],"wp:attachment":[{"href":"https:\/\/catedraeficiencia.umh.es\/en\/wp-json\/wp\/v2\/media?parent=247"}],"curies":[{"name":"wp","href":"https:\/\/api.w.org\/{rel}","templated":true}]}}