{"id":136,"date":"2015-06-21T18:13:10","date_gmt":"2015-06-21T18:13:10","guid":{"rendered":"http:\/\/catedraeficiencia.umh.es\/?page_id=136"},"modified":"2019-01-10T08:36:34","modified_gmt":"2019-01-10T07:36:34","slug":"difusion","status":"publish","type":"page","link":"https:\/\/catedraeficiencia.umh.es\/en\/difusion\/","title":{"rendered":"Broadcasting"},"content":{"rendered":"<p><\/p>\n<ul>\n<li><span style=\"color: #000080\"><a style=\"color: #000080\" href=\"https:\/\/comunicacion.umh.es\/2019\/01\/09\/conferencia-sobre-la-capacidad-de-innovacion-en-europa\/\"><strong><span style=\"text-decoration: underline\">Conferencia: \u201cCapacidad de innovaci\u00f3n y rendimiento en Europa: \u00bfcu\u00e1les son las implicaciones del EIS para la pol\u00edtica de innovaci\u00f3n?\u201dOFICINA DE COMUNICACI\u00d3N UMH. 09\/01\/2019.<\/span><\/strong><\/a><\/span><\/li>\n<li><span style=\"text-decoration: underline;color: #000080\"><strong><a style=\"color: #000080;text-decoration: underline\" href=\"https:\/\/comunicacion.umh.es\/2018\/06\/11\/seminario-sobre-la-medicion-de-la-innovacion-en-los-paises-de-la-union-europea\/\">Seminario sobre la medici\u00f3n de la innovaci\u00f3n en los pa\u00edses de la Uni\u00f3n Europea<\/a>. OFICINA DE COMUNICACI\u00d3N UMH. 11\/06\/2018.<\/strong><\/span><\/li>\n<li><span style=\"text-decoration: underline\"><span style=\"color: #333399;text-decoration: underline\"><a href=\"https:\/\/comunicacion.umh.es\/2017\/11\/08\/seminario-sobre-la-eficiencia-de-los-municipios\/\"><strong>Seminario sobre la eficiencia de los municipios. OFICINA DE COMUNICACI\u00d3N UMH. 08\/11\/2017<\/strong><\/a><\/span><\/span><\/li>\n<li><span style=\"text-decoration: underline\"><span style=\"color: #333399;text-decoration: underline\"><a href=\"https:\/\/comunicacion.umh.es\/2017\/07\/13\/seminario-sobre-los-modelos-de-negocio-del-sector-financiero-antes-y-despues-de-la-ultima-gran-crisis\/\"><strong>Seminario sobre los modelos de negocio del sector financiero antes y despu\u00e9s de la \u00faltima gran crisis. OFICINA DE COMUNICACI\u00d3N UMH. 13\/07\/2017<\/strong><\/a><\/span><\/span><\/li>\n<li><span style=\"text-decoration: underline\"><span style=\"color: #333399;text-decoration: underline\"><strong><a href=\"https:\/\/comunicacion.umh.es\/2017\/07\/10\/seminario-sobre-la-productividad-de-la-industria-alimentaria-en-la-union-europea\/\">Seminario sobre la productividad de la industria alimentaria en la Uni\u00f3n Europea.&nbsp;OFICINA DE COMUNICACI\u00d3N UMH. 10\/07\/2017<\/a><\/strong><\/span><\/span><\/li>\n<li><span style=\"text-decoration: underline\"><span style=\"color: #333399;text-decoration: underline\"><strong><a href=\"https:\/\/comunicacion.umh.es\/2017\/07\/10\/seminario-sobre-la-productividad-de-la-industria-alimentaria-en-la-union-europea\/\">Seminario sobre la productividad de la industria alimentaria en la Uni\u00f3n Europea.&nbsp;OFICINA DE COMUNICACI\u00d3N UMH. 10\/07\/2017<\/a><\/strong><\/span><\/span><\/li>\n<li><span style=\"text-decoration: underline\"><span style=\"color: #333399;text-decoration: underline\"><a href=\"https:\/\/comunicacion.umh.es\/2017\/06\/06\/seminario-sobre-las-causas-de-las-diferencias-en-la-eficiencia-de-los-profesores\/\"><strong>Seminario sobre las causas de las diferencias en la eficiencia de los profesores<\/strong><\/a><strong>. <a href=\"https:\/\/comunicacion.umh.es\/2017\/06\/06\/seminario-sobre-las-causas-de-las-diferencias-en-la-eficiencia-de-los-profesores\/\">OFICINA DE COMUNICACI\u00d3N UMH. 06\/06\/2017<\/a><\/strong><\/span><\/span><\/li>\n<li><span style=\"text-decoration: underline\"><span style=\"color: #333399;text-decoration: underline\"><a href=\"https:\/\/comunicacion.umh.es\/2017\/04\/10\/seminario-combinando-metaheuristicas-con-programacion-matematica-y-aprendizaje-automatico\/\"><strong>Seminario \u201cCombinando metaheur\u00edsticas con programaci\u00f3n matem\u00e1tica y aprendizaje autom\u00e1tico\u201d.&nbsp;OFICINA DE COMUNICACI\u00d3N UMH.&nbsp;10\/04\/2017.<\/strong><\/a><\/span><\/span><\/li>\n<li><span style=\"text-decoration: underline\"><span style=\"color: #333399;text-decoration: underline\"><strong><a href=\"http:\/\/www.elperiodic.com\/elx\/noticias\/486723_organiza-conferencia-%C2%BFpueden-f%C3%ADsica-cu%C3%A1ntica-biolog%C3%ADa-molecular-ayudar-redefinir-econom%C3%ADa-evolucionistaa.html\">La UMH organiza la conferencia &#8220;\u00bfPueden la f\u00edsica cu\u00e1ntica y la biolog\u00eda molecular ayudar a redefinir la econom\u00eda evolucionista?&#8221;. ELPERIODIC.COM. 01\/02\/2017.<\/a><\/strong><\/span><\/span><\/li>\n<li><span style=\"color: #333399\"><strong><span style=\"text-decoration: underline\"><a href=\"http:\/\/alicantehoy.es\/2017\/02\/01\/conferencia-pueden-la-fisica-cuantica-la-biologia-molecular-ayudar-redefinir-la-economia-evolucionista\/\">Conferencia \u201c\u00bfPueden la f\u00edsica cu\u00e1ntica y la biolog\u00eda molecular ayudar a redefinir la econom\u00eda evolucionista?. ALICANTEHOY.ES. 01\/02\/2017<\/a>.<\/span><\/strong><\/span><\/li>\n<li><span style=\"color: #333399\"><a href=\"https:\/\/comunicacion.umh.es\/2017\/02\/01\/conferencia-pueden-la-fisica-cuantica-y-la-biologia-molecular-ayudar-a-redefinir-la-economia-evolucionista\/\"><span style=\"text-decoration: underline\"><strong>Conferencia \u201c\u00bfPueden la f\u00edsica cu\u00e1ntica y la biolog\u00eda molecular ayudar a redefinir la econom\u00eda evolucionista?\u201d. OFICINA DE COMUNICACI\u00d3N UMH. 01\/02\/2017.<\/strong><\/span><\/a><\/span><\/li>\n<li><span style=\"color: #333399\"><a href=\"http:\/\/www.elperiodic.com\/elx\/noticias\/485365_dedica-jornada-fronteras-productivas-evaluaci%C3%B3n-impacto-pol%C3%ADticas-p%C3%BAblicas-reasignaci%C3%B3n-recursos-humanos.html\"><span style=\"text-decoration: underline\"><strong>La UMH dedica una jornada a fronteras productivas, la evaluaci\u00f3n de impacto de pol\u00edticas p\u00fablicas y la reasignaci\u00f3n de recursos humanos. ELPERIODIC.COM. 25\/01\/2017.<\/strong><\/span><\/a><\/span><\/li>\n<li><span style=\"color: #333399\"><a href=\"http:\/\/alicantehoy.es\/2017\/01\/25\/la-umh-dedica-una-jornada-la-evaluacion-impacto-politicas-publicas-la-reasignacion-recursos-humanos\/\"><span style=\"text-decoration: underline\"><strong>La UMH dedica una jornada a la evaluaci\u00f3n de impacto de pol\u00edticas p\u00fablicas y la reasignaci\u00f3n de recursos humanos. ALICANTEHOY.ES. 25\/01\/2017.<\/strong><\/span><\/a><\/span><\/li>\n<li><span style=\"color: #333399\"><a href=\"https:\/\/comunicacion.umh.es\/2017\/01\/25\/jornada-sobre-fronteras-productivas-la-evaluacion-de-impacto-de-politicas-publicas-y-la-reasignacion-de-recursos-humanos\/\"><strong><span style=\"text-decoration: underline\">Jornada sobre fronteras productivas, la evaluaci\u00f3n de impacto de pol\u00edticas p\u00fablicas y la reasignaci\u00f3n de recursos humanos. OFICINA DE COMUNICACI\u00d3N UMH. 25\/01\/2017<\/span><\/strong><\/a><\/span><\/li>\n<li><span style=\"color: #333399\"><strong><u>Seminario \u201cCompitiendo desde las Operaciones\u201d OFICINA DE COMUNICACI\u00d3N UMH. 14\/12\/2016<\/u><\/strong><\/span><\/li>\n<li><span style=\"color: #333399\"><a href=\"http:\/\/alicantehoy.es\/2016\/12\/14\/la-umh-acoge-seminario-compitiendo-desde-las-operaciones\/\"><strong><u>La UMH acoge el seminario \u201cCompitiendo desde las Operaciones\u201d ALICANTEHOY.ES. 14\/12\/2016<\/u><\/strong><\/a><\/span><\/li>\n<li><span style=\"color: #333399\"><a href=\"http:\/\/www.elperiodic.com\/elx\/noticias\/478433_acoge-seminario-compitiendo-desde-operaciones.html\"><strong><u>La UMH acoge el seminario \u201cCompitiendo desde las Operaciones\u201d EL PERIODIC.COM. 14\/12\/2016<\/u><\/strong><\/a><\/span><\/li>\n<li><span style=\"color: #333399\"><a href=\"https:\/\/comunicacion.umh.es\/2016\/11\/09\/dos-seminarios-sobre-eficiencia-y-productividad\/\"><span style=\"text-decoration: underline\"><strong>Dos seminarios sobre eficiencia y productividad. OFICINA DE COMUNICACI\u00d3N UMH. 09\/11\/2016<\/strong><\/span><\/a><\/span><\/li>\n<li><span style=\"color: #333399\"><a href=\"https:\/\/comunicacion.umh.es\/2016\/07\/26\/seminario-sobre-el-problema-de-la-endogeneidad-ligado-al-analisis\/\"><strong><span style=\"text-decoration: underline\">Seminario sobre el problema de la endogeneidad ligado al an\u00e1lisis. OFICINA DE COMUNICACI\u00d3N UMH. 26\/07\/2016<\/span><\/strong><\/a><\/span><\/li>\n<li><span style=\"color: #333399\"><strong><span style=\"text-decoration: underline\"><a href=\"https:\/\/comunicacion.umh.es\/2016\/07\/12\/la-umh-organiza-un-seminario-sobre-la-eficiencia-en-la-gestion-y-la-programacion-de-empresas-europeas-de-procesamiento-de-carne\/\">Seminario sobre la eficiencia en la gesti\u00f3n y la programaci\u00f3n de empresas europeas de procesamiento de carne<\/a>. OFICINA DE COMUNICACI\u00d3N UMH. 12\/07\/2016<\/span><\/strong><\/span><\/li>\n<li><span style=\"color: #333399\"><strong><span style=\"text-decoration: underline\"><a title=\"Seminario dedicado a los costes de transporte, ganancias por accesibilidad e infraestructura de transporte por carretera en Espa\u00f1a\" href=\"https:\/\/comunicacion.umh.es\/?p=91685\">Seminario dedicado a los costes de transporte, ganancias por accesibilidad e infraestructura de transporte por carretera en Espa\u00f1a<\/a>. O<a href=\"https:\/\/comunicacion.umh.es\/2016\/05\/04\/seminario-sobre-la-eficiencia-tecnica-en-la-produccion-de-energias-en-plantas-de-biogas\/\">FICINA DE COMUNICACI\u00d3N UMH<\/a>.&nbsp;05\/07\/2016<\/span><\/strong><\/span><\/li>\n<li><span style=\"color: #333399\"><strong><span style=\"text-decoration: underline\"><a href=\"https:\/\/comunicacion.umh.es\/2016\/05\/04\/seminario-sobre-la-eficiencia-tecnica-en-la-produccion-de-energias-en-plantas-de-biogas\/\">Seminario sobre la eficiencia t\u00e9cnica en la producci\u00f3n de energ\u00edas en plantas de biog\u00e1s. OFICINA DE COMUNICACI\u00d3N UMH. 04\/05\/2016<\/a><\/span><\/strong><\/span><\/li>\n<li><span style=\"color: #333399\"><a href=\"https:\/\/comunicacion.umh.es\/2016\/04\/27\/arranca-la-feria-de-ciencia-y-tecnologia-con-mas-de-1-800-alumnos-preuniversitarios\/\"><strong><span style=\"text-decoration: underline\"><u>Arranca la feria de ciencia y tecnolog\u00eda con m\u00e1s de 1.800 alumnos preuniversitarios. <\/u><u>OFICINA DE COMUNICACI\u00d3N UMH. <\/u><u>27\/04<\/u><u>\/2016<\/u><\/span><\/strong><\/a><\/span><\/li>\n<li><span style=\"color: #333399\"><strong><span style=\"text-decoration: underline\"><a href=\"https:\/\/comunicacion.umh.es\/2016\/04\/26\/seminario-sobre-metaheuristicos-para-la-resolucion-de-modelos-de-optimizacion-multiobjetivo\/\">Seminario sobre metaheur\u00edsticos para la resoluci\u00f3n de modelos de optimizaci\u00f3n multiobjetivo. OFICINA COMUNICACI\u00d3N UMH. 26\/04\/2016<\/a><\/span><\/strong><\/span><\/li>\n<li><span style=\"color: #333399;font-size: 9pt\"><a href=\"https:\/\/comunicacion.umh.es\/2016\/04\/21\/se-convoca-el-primer-certamen-incubadora-de-sondeos-y-experimentos-para-trabajos-de-estadistica\/\"><strong><span style=\"text-decoration: underline\"><span style=\"font-family: Verdana, sans-serif\"><span style=\"text-decoration: none\">Se convoca el primer certamen \u201cIncubadora de Sondeos y Experimentos\u201d para trabajos de estad\u00edstica.&nbsp;OFICINA COMUNICACI\u00d3N UMH.&nbsp;21\/04\/2016<\/span><\/span><\/span><\/strong><\/a><\/span><\/li>\n<li><span style=\"text-decoration: underline;color: #333399\"><a href=\"https:\/\/comunicacion.umh.es\/2016\/04\/13\/seminario-economia-geografica-e-infraestructuras-implicaciones-para-la-aglomeracion-y-cohesion-de-las-regiones\/\"><strong>Seminario \u201cEconom\u00eda Geogr\u00e1fica e Infraestructuras: Implicaciones para la Aglomeraci\u00f3n y Cohesi\u00f3n de las Regiones\u201d.&nbsp;<b>OFICINA COMUNICACI\u00d3N UMH.<\/b>13\/04\/2016<\/strong><\/a><\/span><\/li>\n<li><span style=\"color: #333399\"><a href=\"https:\/\/comunicacion.umh.es\/2016\/04\/07\/seminario-data-envelopment-analysis-toolbox-un-nuevo-paquete-para-matlab\/\"><strong><span style=\"text-decoration: underline\">Seminario \u201cData Envelopment Analysis Toolbox: un nuevo paquete para Matlab\u201d<\/span><\/strong><\/a><b><span style=\"text-decoration: underline\">. OFICINA COMUNICACI\u00d3N UMH.07\/04\/2016<\/span><\/b><\/span><\/li>\n<li><span style=\"color: #333399\"><b><\/b><span style=\"text-decoration: underline\"><a href=\"https:\/\/comunicacion.umh.es\/2016\/03\/15\/la-universidad-de-malaga-y-la-umh-investigan-sobre-los-riesgos-financieros-y-el-valor-de-mercado-de-los-bancos\/\"><strong>La Universidad de M\u00e1laga y la UMH investigan sobre los riesgos financieros y el valor de mercado de los bancos. OFICINA COMUNICACI\u00d3N UMH. 15\/03\/2016<\/strong><\/a><\/span><\/span><\/li>\n<li><span style=\"color: #333399\"><strong><a style=\"text-decoration: underline\" href=\"http:\/\/www.elperiodic.com\/elx\/noticias\/401076_director-relaciones-externas-mercadona-imparte-charla-sobre-modelo-crecimiento-compartido.html\">El director de Relaciones Externas de Mercadona imparte una charla sobre el modelo de crecimiento compartido. ELPERIODIC.COM 28\/10\/2015<\/a><\/strong><\/span><\/li>\n<li><span style=\"color: #333399\"><a href=\"http:\/\/www.diarioinformacion.com\/elche\/2014\/11\/28\/umh-pone-marcha-catedra-santander\/1572497.html\"><span style=\"text-decoration: underline\"><b>La UMH pone en marcha la C\u00e1tedra Santander en Eficiencia y Productividad. EL INFORMACI\u00d3N (Elche). 28\/11\/2014<\/b><\/span><\/a><\/span><\/li>\n<li><span style=\"color: #333399\"><a style=\"text-decoration: underline\" href=\"http:\/\/www.elperiodic.com\/elx\/noticias\/340133_pone-marcha-catedra-santander-eficiencia-productividad.html\"><b><\/b><b>La UMH pone en marcha la C\u00e1tedra Santander en Eficiencia y Productividad. ELPERIODIC.COM 27\/11\/2014<\/b><\/a><\/span><\/li>\n<\/ul>\n<p><\/p>","protected":false},"excerpt":{"rendered":"<p>Conferencia: \u201cCapacidad de innovaci\u00f3n y rendimiento en Europa: \u00bfcu\u00e1les son las implicaciones del EIS para la pol\u00edtica de innovaci\u00f3n?\u201dOFICINA DE COMUNICACI\u00d3N UMH. 09\/01\/2019.<br \/>\nSeminario sobre la medici\u00f3n de la innovaci\u00f3n en los pa\u00edses de la Uni\u00f3n Europea. OFICINA DE COMUNICACI\u00d3N UMH. 11\/06\/2018.<br \/>\nSeminario sobre la eficiencia de los municipios. OFICINA DE COMUNICACI\u00d3N UMH. 08\/11\/2017<br \/>\nSeminario sobre los modelos [&#8230;]<\/p>\n","protected":false},"author":277,"featured_media":0,"parent":0,"menu_order":0,"comment_status":"closed","ping_status":"open","template":"","meta":{"ngg_post_thumbnail":0,"_links_to":"","_links_to_target":""},"_links":{"self":[{"href":"https:\/\/catedraeficiencia.umh.es\/en\/wp-json\/wp\/v2\/pages\/136"}],"collection":[{"href":"https:\/\/catedraeficiencia.umh.es\/en\/wp-json\/wp\/v2\/pages"}],"about":[{"href":"https:\/\/catedraeficiencia.umh.es\/en\/wp-json\/wp\/v2\/types\/page"}],"author":[{"embeddable":true,"href":"https:\/\/catedraeficiencia.umh.es\/en\/wp-json\/wp\/v2\/users\/277"}],"replies":[{"embeddable":true,"href":"https:\/\/catedraeficiencia.umh.es\/en\/wp-json\/wp\/v2\/comments?post=136"}],"version-history":[{"count":0,"href":"https:\/\/catedraeficiencia.umh.es\/en\/wp-json\/wp\/v2\/pages\/136\/revisions"}],"wp:attachment":[{"href":"https:\/\/catedraeficiencia.umh.es\/en\/wp-json\/wp\/v2\/media?parent=136"}],"curies":[{"name":"wp","href":"https:\/\/api.w.org\/{rel}","templated":true}]}}