{"id":5,"date":"2015-01-13T07:47:33","date_gmt":"2015-01-13T07:47:33","guid":{"rendered":"http:\/\/catedraeficiencia.zeus.umh.es\/presentacion\/"},"modified":"2015-06-02T15:10:25","modified_gmt":"2015-06-02T15:10:25","slug":"presentacion","status":"publish","type":"page","link":"https:\/\/catedraeficiencia.umh.es\/ca\/","title":{"rendered":"Presentaci\u00f3"},"content":{"rendered":"<p><\/p>\n<p style=\"text-align: justify\"><img loading=\"lazy\" class=\"alignleft\" alt=\"Elche_F-3\" src=\"https:\/\/catedraeficiencia.umh.es\/files\/2015\/01\/Elche_F-3-300x200.jpg\" width=\"300\" height=\"200\" \/>La finalitat de la <strong>C\u00e0tedra Santander en Efici\u00e8ncia i Productivitat<\/strong> \u00e9s contribuir al desenvolupament de la societat, impulsant una economia responsable, incrementant al mateix temps els resultats de la recerca, de la transfer\u00e8ncia del coneixement i la innovaci\u00f3 en l&#8217;\u00e0mbit de l&#8217;efici\u00e8ncia i la productivitat.<\/p>\n<p style=\"text-align: justify\"><strong>Els objectius de la C\u00e0tedra Santander en Efici\u00e8ncia i Productivitat<\/strong> s\u00f3n la <strong>formaci\u00f3<\/strong>, la <strong>recerca<\/strong> i el <strong>desenvolupament i\/o la divulgaci\u00f3<\/strong> en l&#8217;\u00e0mbit de l&#8217;an\u00e0lisi de l&#8217;efici\u00e8ncia i productivitat, per a a\u00e7\u00f2, es realitzaran entre altres activitats, la promoci\u00f3 de projectes de recerca en el camp de l&#8217;efici\u00e8ncia i la productivitat, el foment de la doc\u00e8ncia en les mat\u00e8ries pr\u00f2pies de la C\u00e0tedra Santander i la divulgaci\u00f3 del coneixement en els \u00e0mbits afins a la C\u00e1tedra.<\/p>\n<p style=\"text-align: justify\">La <strong>creaci\u00f3<\/strong> d&#8217;aquesta C\u00e0tedra, impulsada pel Vicerectorat de Recerca i Innovaci\u00f3 de la UMH, \u00e9s fruit del conveni de col\u00b7laboraci\u00f3 signat entre la *UMH i el Banc Santander, a trav\u00e9s de la seua Divisi\u00f3 Global Santander Universitats.\u00a0\u00a0\u00a0<\/p>\n<p style=\"padding-left: 30px\">\u00a0\u00a0\u00a0\u00a0\u00a0\u00a0\u00a0\u00a0\u00a0\u00a0\u00a0\u00a0 <a href=\"https:\/\/catedraeficiencia.umh.es\/files\/2015\/01\/rect_color.gif\"><img loading=\"lazy\" class=\"alignnone\" alt=\"rect_color\" src=\"https:\/\/catedraeficiencia.umh.es\/files\/2015\/01\/rect_color-300x149.gif\" width=\"173\" height=\"86\" \/><\/a>\u00a0\u00a0\u00a0\u00a0\u00a0\u00a0\u00a0\u00a0\u00a0\u00a0\u00a0\u00a0\u00a0\u00a0\u00a0\u00a0\u00a0\u00a0\u00a0\u00a0\u00a0\u00a0\u00a0\u00a0\u00a0\u00a0\u00a0\u00a0\u00a0\u00a0\u00a0\u00a0\u00a0\u00a0\u00a0\u00a0\u00a0\u00a0\u00a0\u00a0\u00a0\u00a0\u00a0\u00a0\u00a0\u00a0\u00a0<a href=\"https:\/\/catedraeficiencia.umh.es\/files\/2015\/01\/logo-santander-universidades.jpg\"><img loading=\"lazy\" alt=\"Imprimir\" src=\"https:\/\/catedraeficiencia.umh.es\/files\/2015\/01\/logo-santander-universidades-300x114.jpg\" width=\"173\" height=\"66\" \/><\/a><\/p>\n<p><\/p>","protected":false},"excerpt":{"rendered":"<p>P\u00e1gina de presentaci\u00f3n de la unidad organizativa<\/p>\n","protected":false},"author":1,"featured_media":0,"parent":0,"menu_order":0,"comment_status":"closed","ping_status":"open","template":"","meta":{"ngg_post_thumbnail":0,"_links_to":"","_links_to_target":""},"_links":{"self":[{"href":"https:\/\/catedraeficiencia.umh.es\/ca\/wp-json\/wp\/v2\/pages\/5"}],"collection":[{"href":"https:\/\/catedraeficiencia.umh.es\/ca\/wp-json\/wp\/v2\/pages"}],"about":[{"href":"https:\/\/catedraeficiencia.umh.es\/ca\/wp-json\/wp\/v2\/types\/page"}],"author":[{"embeddable":true,"href":"https:\/\/catedraeficiencia.umh.es\/ca\/wp-json\/wp\/v2\/users\/1"}],"replies":[{"embeddable":true,"href":"https:\/\/catedraeficiencia.umh.es\/ca\/wp-json\/wp\/v2\/comments?post=5"}],"version-history":[{"count":0,"href":"https:\/\/catedraeficiencia.umh.es\/ca\/wp-json\/wp\/v2\/pages\/5\/revisions"}],"wp:attachment":[{"href":"https:\/\/catedraeficiencia.umh.es\/ca\/wp-json\/wp\/v2\/media?parent=5"}],"curies":[{"name":"wp","href":"https:\/\/api.w.org\/{rel}","templated":true}]}}