{"id":48,"date":"2015-01-27T15:51:26","date_gmt":"2015-01-27T15:51:26","guid":{"rendered":"http:\/\/catedraeficiencia.umh.es\/?page_id=48"},"modified":"2015-06-08T08:27:37","modified_gmt":"2015-06-08T08:27:37","slug":"informacion","status":"publish","type":"page","link":"https:\/\/catedraeficiencia.umh.es\/ca\/actividades\/2015-2\/workshop\/informacion\/","title":{"rendered":"Informaci\u00f3 General"},"content":{"rendered":"<p><\/p>\n<p style=\"text-align: justify\"><img loading=\"lazy\" class=\"alignleft\" alt=\"Elche_F-28\" src=\"https:\/\/catedraeficiencia.umh.es\/files\/2015\/01\/Elche_F-28-300x200.jpg\" width=\"300\" height=\"200\" \/>El <strong>12 i 13 de juny<\/strong> de 2015 es dur\u00e0 a terme \u201c<strong>The Santander Chair 2015 International Workshop of Efficiency and Productivity<\/strong>\u201d en <strong><a href=\"http:\/\/www.hotelspaportamaris.com\">l&#8217;Hotel Spa Portamaris<\/a><\/strong>, just abans del &#8220;<strong>European Workshop on Efficiency and Productivity Analysis (EWEPA)&#8221;<\/strong> que se celebrar\u00e0 del 15 al 18 de juny de 2015, afavorit per la Universitat Aalto a H\u00e8lsinki (Finl\u00e0ndia).<\/p>\n<p style=\"text-align: justify\">La participaci\u00f3 en \u201c<strong>The Santander Chair 2015 International Workshop of Efficiency and Productivity<\/strong>\u201d \u00e9s exclusivament per invitaci\u00f3.<\/p>\n<p style=\"text-align: justify\">Com a fruit de les recerques presentades en les sessions del Workshop s&#8217;editar\u00e0 un llibre a trav\u00e9s de <strong>Springer<\/strong>.<\/p>\n<p>La data l\u00edmit per a <strong>l&#8217;enviament de resums<\/strong> \u00e9s el <strong>15 de febrer<\/strong> de 2015.<\/p>","protected":false},"excerpt":{"rendered":"<p>El 12 i 13 de juny de 2015 es dur\u00e0 a terme \u201cThe Santander Chair 2015 International Workshop of Efficiency and Productivity\u201d en l&#8217;Hotel Spa Portamaris, just abans del &#8220;European Workshop on Efficiency and Productivity Analysis (EWEPA)&#8221; que se celebrar\u00e0 del 15 al 18 de juny de 2015, afavorit per la Universitat Aalto a H\u00e8lsinki [&#8230;]<\/p>\n","protected":false},"author":277,"featured_media":0,"parent":40,"menu_order":0,"comment_status":"closed","ping_status":"open","template":"","meta":{"ngg_post_thumbnail":0,"_links_to":"","_links_to_target":""},"_links":{"self":[{"href":"https:\/\/catedraeficiencia.umh.es\/ca\/wp-json\/wp\/v2\/pages\/48"}],"collection":[{"href":"https:\/\/catedraeficiencia.umh.es\/ca\/wp-json\/wp\/v2\/pages"}],"about":[{"href":"https:\/\/catedraeficiencia.umh.es\/ca\/wp-json\/wp\/v2\/types\/page"}],"author":[{"embeddable":true,"href":"https:\/\/catedraeficiencia.umh.es\/ca\/wp-json\/wp\/v2\/users\/277"}],"replies":[{"embeddable":true,"href":"https:\/\/catedraeficiencia.umh.es\/ca\/wp-json\/wp\/v2\/comments?post=48"}],"version-history":[{"count":0,"href":"https:\/\/catedraeficiencia.umh.es\/ca\/wp-json\/wp\/v2\/pages\/48\/revisions"}],"up":[{"embeddable":true,"href":"https:\/\/catedraeficiencia.umh.es\/ca\/wp-json\/wp\/v2\/pages\/40"}],"wp:attachment":[{"href":"https:\/\/catedraeficiencia.umh.es\/ca\/wp-json\/wp\/v2\/media?parent=48"}],"curies":[{"name":"wp","href":"https:\/\/api.w.org\/{rel}","templated":true}]}}