{"id":43,"date":"2015-01-27T07:20:18","date_gmt":"2015-01-27T07:20:18","guid":{"rendered":"http:\/\/catedraeficiencia.umh.es\/?page_id=43"},"modified":"2015-06-08T08:28:33","modified_gmt":"2015-06-08T08:28:33","slug":"lugar-de-celebracion","status":"publish","type":"page","link":"https:\/\/catedraeficiencia.umh.es\/ca\/actividades\/2015-2\/workshop\/lugar-de-celebracion\/","title":{"rendered":"Lloc de celebraci\u00f3"},"content":{"rendered":"<p>&nbsp;<\/p>\n<p>\u201c<strong>The Santander Chair 2015 International Workshop of Efficiency and Productivity<\/strong>\u201d es realitzar\u00e0 el <strong>12 i 13 de Juny<\/strong> de 2015 en <strong><a href=\"http:\/\/www.hotelspaportamaris.com\/\">l\u2019Hotel Spa Portamaris<\/a><\/strong>.<\/p>\n<p style=\"padding-left: 90px\">\u00a0<a href=\"https:\/\/catedraeficiencia.umh.es\/files\/2015\/01\/01-hotel-alicante-sercotel-spa-portamaris-fachada.jpg\"><img loading=\"lazy\" alt=\"01-hotel-alicante-sercotel-spa-portamaris-fachada\" src=\"https:\/\/catedraeficiencia.umh.es\/files\/2015\/01\/01-hotel-alicante-sercotel-spa-portamaris-fachada-300x225.jpg\" width=\"300\" height=\"225\" \/><\/a>\u00a0 <a href=\"https:\/\/catedraeficiencia.umh.es\/files\/2015\/01\/14-hotel-alicante-sercotel-spa-portamaris-playa-postiguet-y-castillo.jpg\"><img loading=\"lazy\" alt=\"14-hotel-alicante-sercotel-spa-portamaris-playa-postiguet-y-castillo\" src=\"https:\/\/catedraeficiencia.umh.es\/files\/2015\/01\/14-hotel-alicante-sercotel-spa-portamaris-playa-postiguet-y-castillo-300x225.jpg\" width=\"300\" height=\"225\" \/><\/a><a href=\"https:\/\/catedraeficiencia.umh.es\/files\/2015\/01\/SALA_123-125.jpg\"><img loading=\"lazy\" class=\"aligncenter\" alt=\"SALA_123-125\" src=\"https:\/\/catedraeficiencia.umh.es\/files\/2015\/01\/SALA_123-125-300x174.jpg\" width=\"300\" height=\"174\" \/><\/a><\/p>\n<p><span style=\"color: #993300\"><big><strong>Mitjans de transport:<\/strong><\/big><\/span><\/p>\n<p>La ciutat d&#8217;Alacant est\u00e0 perfectament connectada amb Espanya i amb Europa siga el que siga el transport que es desitge utilizar:<\/p>\n<ul>\n<li><a href=\"http:\/\/www.renfe.es\/\" target=\"_blank\"><strong>RENFE<\/strong><\/a><\/li>\n<li><a href=\"http:\/\/www.estacionalicante.es\/\"><strong><strong>ESTACI\u00d3 D&#8217;AUTOBUSOS D&#8217;ALACANT<\/strong><\/strong><\/a><\/li>\n<li><a href=\"http:\/\/www.aena.es\/csee\/Satellite\/Aeropuerto-Alicante\/es\/Page\/1049437849204\/Presentacion.html\" target=\"_blank\"><strong>AEROPORT DE ALACANT-ELX<\/strong><\/a><\/li>\n<\/ul>\n<p><span style=\"color: #993300\"><big><strong>Com arribar amb cotxe a la ciutat d&#8217;Alacant?<\/strong><\/big><\/span><\/p>\n<ul>\n<li>Alacant est\u00e0 connectada amb la resta del litoral mediterrani i Europa per l&#8217;autopista A-7 (itinerari europeu I-15).<\/li>\n<li>Autovia A-31 de la xarxa b\u00e0sica de l&#8217;Estat que comunica la prov\u00edncia d&#8217;Alacant amb el centre de la Pen\u00ednsula.<\/li>\n<\/ul>\n<p><big><span style=\"color: #993300\"><strong>Servei de Taxis de la ciutat d&#8217;Alacant:<\/strong><\/span><\/big><\/p>\n<ul>\n<li>Euro Taxi Alicante:\u00a0<a href=\"http:\/\/www.alicante-taxi.es\/\">http:\/\/www.alicante-taxi.es\/<\/a>.\u00a0Tel\u00e8fon:\u00a0<strong>966 29 11 00\u00a0<\/strong>(disponible les 24 hores)<\/li>\n<\/ul>\n<p><\/p>","protected":false},"excerpt":{"rendered":"<p>&nbsp;<br \/>\n\u201cThe Santander Chair 2015 International Workshop of Efficiency and Productivity\u201d es realitzar\u00e0 el 12 i 13 de Juny de 2015 en l\u2019Hotel Spa Portamaris.<br \/>\n\u00a0\u00a0<br \/>\nMitjans de transport:<br \/>\nLa ciutat d&#8217;Alacant est\u00e0 perfectament connectada amb Espanya i amb Europa siga el que siga el transport que es desitge utilizar:<\/p>\n<p>RENFE<br \/>\nESTACI\u00d3 D&#8217;AUTOBUSOS D&#8217;ALACANT<br \/>\nAEROPORT DE ALACANT-ELX<\/p>\n<p>Com arribar amb cotxe a [&#8230;]<\/p>\n","protected":false},"author":277,"featured_media":0,"parent":40,"menu_order":0,"comment_status":"closed","ping_status":"open","template":"","meta":{"ngg_post_thumbnail":0,"_links_to":"","_links_to_target":""},"_links":{"self":[{"href":"https:\/\/catedraeficiencia.umh.es\/ca\/wp-json\/wp\/v2\/pages\/43"}],"collection":[{"href":"https:\/\/catedraeficiencia.umh.es\/ca\/wp-json\/wp\/v2\/pages"}],"about":[{"href":"https:\/\/catedraeficiencia.umh.es\/ca\/wp-json\/wp\/v2\/types\/page"}],"author":[{"embeddable":true,"href":"https:\/\/catedraeficiencia.umh.es\/ca\/wp-json\/wp\/v2\/users\/277"}],"replies":[{"embeddable":true,"href":"https:\/\/catedraeficiencia.umh.es\/ca\/wp-json\/wp\/v2\/comments?post=43"}],"version-history":[{"count":0,"href":"https:\/\/catedraeficiencia.umh.es\/ca\/wp-json\/wp\/v2\/pages\/43\/revisions"}],"up":[{"embeddable":true,"href":"https:\/\/catedraeficiencia.umh.es\/ca\/wp-json\/wp\/v2\/pages\/40"}],"wp:attachment":[{"href":"https:\/\/catedraeficiencia.umh.es\/ca\/wp-json\/wp\/v2\/media?parent=43"}],"curies":[{"name":"wp","href":"https:\/\/api.w.org\/{rel}","templated":true}]}}