{"id":35,"date":"2015-01-23T12:55:49","date_gmt":"2015-01-23T12:55:49","guid":{"rendered":"http:\/\/catedraeficiencia.umh.es\/?page_id=35"},"modified":"2015-06-02T15:13:42","modified_gmt":"2015-06-02T15:13:42","slug":"actividades","status":"publish","type":"page","link":"https:\/\/catedraeficiencia.umh.es\/ca\/actividades\/","title":{"rendered":"Activitats"},"content":{"rendered":"<p>La C\u00e0tedra Santander en Efici\u00e8ncia i Productivitat t\u00e9 previst realitzar les seg\u00fcents activitats:<\/p>\n<ul>\n<li>Promocionar projectes de recerca en el camp de l&#8217;efici\u00e8ncia i la productivitat.\u00a0<\/li>\n<li>Fomentar la doc\u00e8ncia en les mat\u00e8ries pr\u00f2pies de la C\u00e0tedra Santander.\u00a0<\/li>\n<li>Fomentar la formaci\u00f3 mitjan\u00e7ant beques en efici\u00e8ncia i productivitat.\u00a0<\/li>\n<li>Divulgar el coneixement en els \u00e0mbits afins a la C\u00e0tedra, mitjan\u00e7ant la realitzaci\u00f3 de seminaris nacionals i internacionals.\u00a0<\/li>\n<\/ul>\n<p><\/p>","protected":false},"excerpt":{"rendered":"<p>La C\u00e0tedra Santander en Efici\u00e8ncia i Productivitat t\u00e9 previst realitzar les seg\u00fcents activitats:<\/p>\n<p>Promocionar projectes de recerca en el camp de l&#8217;efici\u00e8ncia i la productivitat.\u00a0<br \/>\nFomentar la doc\u00e8ncia en les mat\u00e8ries pr\u00f2pies de la C\u00e0tedra Santander.\u00a0<br \/>\nFomentar la formaci\u00f3 mitjan\u00e7ant beques en efici\u00e8ncia i productivitat.\u00a0<br \/>\nDivulgar el coneixement en els \u00e0mbits afins a la C\u00e0tedra, mitjan\u00e7ant la realitzaci\u00f3 de [&#8230;]<\/p>\n","protected":false},"author":277,"featured_media":0,"parent":0,"menu_order":0,"comment_status":"closed","ping_status":"open","template":"","meta":{"ngg_post_thumbnail":0,"_links_to":"","_links_to_target":""},"_links":{"self":[{"href":"https:\/\/catedraeficiencia.umh.es\/ca\/wp-json\/wp\/v2\/pages\/35"}],"collection":[{"href":"https:\/\/catedraeficiencia.umh.es\/ca\/wp-json\/wp\/v2\/pages"}],"about":[{"href":"https:\/\/catedraeficiencia.umh.es\/ca\/wp-json\/wp\/v2\/types\/page"}],"author":[{"embeddable":true,"href":"https:\/\/catedraeficiencia.umh.es\/ca\/wp-json\/wp\/v2\/users\/277"}],"replies":[{"embeddable":true,"href":"https:\/\/catedraeficiencia.umh.es\/ca\/wp-json\/wp\/v2\/comments?post=35"}],"version-history":[{"count":0,"href":"https:\/\/catedraeficiencia.umh.es\/ca\/wp-json\/wp\/v2\/pages\/35\/revisions"}],"wp:attachment":[{"href":"https:\/\/catedraeficiencia.umh.es\/ca\/wp-json\/wp\/v2\/media?parent=35"}],"curies":[{"name":"wp","href":"https:\/\/api.w.org\/{rel}","templated":true}]}}