{"id":266,"date":"2017-01-17T08:03:18","date_gmt":"2017-01-17T08:03:18","guid":{"rendered":"http:\/\/catedraeficiencia.umh.es\/?page_id=266"},"modified":"2017-03-14T07:59:21","modified_gmt":"2017-03-14T07:59:21","slug":"conferencia-inv-laura-lopez-torres","status":"publish","type":"page","link":"https:\/\/catedraeficiencia.umh.es\/ca\/actividades\/2017-2\/conferencia-inv-laura-lopez-torres\/","title":{"rendered":"Conferencia Profa. Dra. Laura L\u00f3pez-Torres"},"content":{"rendered":"<p><\/p>\n<p style=\"margin: 0px 0px 10px;padding: 0px;color: #555555;text-indent: 0px;letter-spacing: normal;font-family: Verdana, 'BitStream vera Sans', Tahoma, Helvetica, sans-serif;font-size: 11px;font-style: normal;font-weight: normal;background-color: #ffffff\"><strong>T\u00edtulo: <\/strong>Reasignaci\u00f3n centralizada de recursos humanos. Una aplicaci\u00f3n con escuelas p\u00fablicas.<\/p>\n<p style=\"margin: 0px 0px 10px;padding: 0px;color: #555555;text-indent: 0px;letter-spacing: normal;font-family: Verdana, 'BitStream vera Sans', Tahoma, Helvetica, sans-serif;font-size: 11px;font-style: normal;font-weight: normal;background-color: #ffffff\"><strong>Ponente:\u00a0<\/strong>Laura L\u00f3pez-Torres (Universitat Aut\u00f2noma de Barcelona)<\/p>\n<p style=\"margin: 0px 0px 10px;padding: 0px;color: #555555;text-indent: 0px;letter-spacing: normal;font-family: Verdana, 'BitStream vera Sans', Tahoma, Helvetica, sans-serif;font-size: 11px;font-style: normal;font-weight: normal;background-color: #ffffff\"><strong>Fecha:<\/strong>\u00a026\/01\/2017 13:00h<\/p>\n<p style=\"margin: 0px 0px 10px;padding: 0px;color: #555555;text-indent: 0px;letter-spacing: normal;font-family: Verdana, 'BitStream vera Sans', Tahoma, Helvetica, sans-serif;font-size: 11px;font-style: normal;font-weight: normal;background-color: #ffffff\"><strong>Lugar:<\/strong><span class=\"Apple-converted-space\">\u00a0<\/span>Sala de Seminarios, Edificio Torretamarit<\/p>\n<p style=\"margin: 0px 0px 10px;padding: 0px;text-align: justify;color: #555555;text-indent: 0px;letter-spacing: normal;font-family: Verdana, 'BitStream vera Sans', Tahoma, Helvetica, sans-serif;font-size: 11px;font-style: normal;font-weight: normal;background-color: #ffffff\"><strong>Resumen:<\/strong><br \/>\nLa reasignaci\u00f3n centralizada de recursos en organizaciones que conforman una red, requiere la planificaci\u00f3n \u00f3ptima de c\u00f3mo implementar cambios para adaptar los recursos al presupuesto asignado sin perder el rendimiento del conjunto. Este art\u00edculo extiende el modelo denominado an\u00e1lisis envolvente de datos centralizado, a trav\u00e9s de la inclusi\u00f3n de factores de producci\u00f3n no transferibles y factores de entorno no controlables. Este enfoque permite obtener un \u00edndice sobre la eficiencia global de un conjunto de unidades controladas por una autoridad central, a la vez que ofrece soluciones de adaptaci\u00f3n de los recursos de la red para optimizar el rendimiento conjunto. A continuaci\u00f3n, presentamos un procedimiento iterativo capaz de reasignar recursos sin poner en peligro el nivel de eficiencia conjunto. El modelo propuesto se aplica en un conjunto real de escuelas p\u00fablicas de Catalu\u00f1a. Los resultados indican que la eficiencia global de la red educativa analizada podr\u00eda mejorar si se redistribuyen de forma \u00f3ptima los recursos educativos disponibles, sin que esto provoque una ca\u00edda de la calidad educativa. A su vez, los resultados obtenidos proporcionan informaci\u00f3n \u00fatil para la rendici\u00f3n de cuentas, la toma de decisiones y la implementaci\u00f3n de programas de mejora del rendimiento educativo en las escuelas p\u00fablicas.<\/p>\n<p style=\"margin: 0px 0px 10px;padding: 0px;text-align: justify;color: #555555;text-indent: 0px;letter-spacing: normal;font-family: Verdana, 'BitStream vera Sans', Tahoma, Helvetica, sans-serif;font-size: 11px;font-style: normal;font-weight: normal;background-color: #ffffff\"><strong>V\u00eddeo:<\/strong><\/p>\n<p>https:\/\/youtu.be\/y2AxHXSHg6M?list=PLCEwy9MbnRaCPdJhcgR_2mqASK259tijM","protected":false},"excerpt":{"rendered":"<p>T\u00edtulo: Reasignaci\u00f3n centralizada de recursos humanos. Una aplicaci\u00f3n con escuelas p\u00fablicas.<br \/>\nPonente:\u00a0Laura L\u00f3pez-Torres (Universitat Aut\u00f2noma de Barcelona)<br \/>\nFecha:\u00a026\/01\/2017 13:00h<br \/>\nLugar:\u00a0Sala de Seminarios, Edificio Torretamarit<br \/>\nResumen:<br \/>\nLa reasignaci\u00f3n centralizada de recursos en organizaciones que conforman una red, requiere la planificaci\u00f3n \u00f3ptima de c\u00f3mo implementar cambios para adaptar los recursos al presupuesto asignado sin perder el rendimiento del conjunto. Este art\u00edculo extiende [&#8230;]<\/p>\n","protected":false},"author":277,"featured_media":0,"parent":263,"menu_order":10,"comment_status":"closed","ping_status":"closed","template":"","meta":{"ngg_post_thumbnail":0,"_links_to":"","_links_to_target":""},"_links":{"self":[{"href":"https:\/\/catedraeficiencia.umh.es\/ca\/wp-json\/wp\/v2\/pages\/266"}],"collection":[{"href":"https:\/\/catedraeficiencia.umh.es\/ca\/wp-json\/wp\/v2\/pages"}],"about":[{"href":"https:\/\/catedraeficiencia.umh.es\/ca\/wp-json\/wp\/v2\/types\/page"}],"author":[{"embeddable":true,"href":"https:\/\/catedraeficiencia.umh.es\/ca\/wp-json\/wp\/v2\/users\/277"}],"replies":[{"embeddable":true,"href":"https:\/\/catedraeficiencia.umh.es\/ca\/wp-json\/wp\/v2\/comments?post=266"}],"version-history":[{"count":0,"href":"https:\/\/catedraeficiencia.umh.es\/ca\/wp-json\/wp\/v2\/pages\/266\/revisions"}],"up":[{"embeddable":true,"href":"https:\/\/catedraeficiencia.umh.es\/ca\/wp-json\/wp\/v2\/pages\/263"}],"wp:attachment":[{"href":"https:\/\/catedraeficiencia.umh.es\/ca\/wp-json\/wp\/v2\/media?parent=266"}],"curies":[{"name":"wp","href":"https:\/\/api.w.org\/{rel}","templated":true}]}}