{"id":26,"date":"2015-01-19T17:50:17","date_gmt":"2015-01-19T17:50:17","guid":{"rendered":"http:\/\/catedraeficiencia.umh.es\/?page_id=26"},"modified":"2020-09-17T19:59:31","modified_gmt":"2020-09-17T17:59:31","slug":"consejo","status":"publish","type":"page","link":"https:\/\/catedraeficiencia.umh.es\/ca\/consejo\/","title":{"rendered":"Consell Assessor"},"content":{"rendered":"<p>&nbsp;<big><strong><a href=\"https:\/\/catedraeficiencia.umh.es\/files\/2015\/01\/IMG_8100.jpg\"><img loading=\"lazy\" class=\"aligncenter\" src=\"https:\/\/catedraeficiencia.umh.es\/files\/2015\/01\/IMG_8100-300x200.jpg\" alt=\"IMG_8100\" width=\"300\" height=\"200\"><\/a><span style=\"color: #993300\">DIRECTOR<\/span><\/strong><\/big><\/p>\n<p><strong>Dr. C.A. Knox Lovell<\/strong><br \/>\n<span style=\"color: #888888\">Economista. Professor honorari de l&#8217;Escola d&#8217;Economia de la Universitat de Queensland (Austr\u00e0lia) i Doctor Honoris causa per la UMH des de 2010.&nbsp;<\/span><\/p>\n<p><span style=\"color: #993300\"><big><strong>CO-DIRECTOR<\/strong><\/big><\/span><\/p>\n<p><strong>Dr. Juan Aparicio Baeza&nbsp;<\/strong><br \/>\n<span style=\"color: #888888\">Investigador de l&#8217;Institut Universitari Centre de Recerca Operativa (CIO) de la UMH. Professor del Departament d&#8217;Estad\u00edstica, Matem\u00e0tiques i Inform\u00e0tica de la UMH.&nbsp;<\/span><\/p>\n<p>&nbsp;<\/p>\n<p><span style=\"color: #993300\"><big><b>VOCAL<\/b><\/big><\/span><\/p>\n<p><strong>D. Jos\u00e9 Mar\u00eda Garc\u00eda de los R\u00edos Gonz\u00e1lez<\/strong><br \/>\n<span style=\"color: #888888\">Grup Santander.<\/span><\/p>\n<p><span style=\"color: #993300\"><big><b>VOCAL<\/b><\/big><\/span><\/p>\n<p><strong>D. Joaqu\u00edn Manuel Molina Moreno<\/strong><br \/>\n<span style=\"color: #888888\">Grup Santander.<\/span><\/p>","protected":false},"excerpt":{"rendered":"<p>&nbsp;DIRECTOR<br \/>\nDr. C.A. Knox Lovell<br \/>\nEconomista. Professor honorari de l&#8217;Escola d&#8217;Economia de la Universitat de Queensland (Austr\u00e0lia) i Doctor Honoris causa per la UMH des de 2010.&nbsp;<br \/>\nCO-DIRECTOR<br \/>\nDr. Juan Aparicio Baeza&nbsp;<br \/>\nInvestigador de l&#8217;Institut Universitari Centre de Recerca Operativa (CIO) de la UMH. Professor del Departament d&#8217;Estad\u00edstica, Matem\u00e0tiques i Inform\u00e0tica de la UMH.&nbsp;<br \/>\n&nbsp;<br \/>\nVOCAL<br \/>\nD. Jos\u00e9 Mar\u00eda Garc\u00eda de los R\u00edos [&#8230;]<\/p>\n","protected":false},"author":277,"featured_media":0,"parent":0,"menu_order":0,"comment_status":"closed","ping_status":"open","template":"","meta":{"ngg_post_thumbnail":0,"_links_to":"","_links_to_target":""},"_links":{"self":[{"href":"https:\/\/catedraeficiencia.umh.es\/ca\/wp-json\/wp\/v2\/pages\/26"}],"collection":[{"href":"https:\/\/catedraeficiencia.umh.es\/ca\/wp-json\/wp\/v2\/pages"}],"about":[{"href":"https:\/\/catedraeficiencia.umh.es\/ca\/wp-json\/wp\/v2\/types\/page"}],"author":[{"embeddable":true,"href":"https:\/\/catedraeficiencia.umh.es\/ca\/wp-json\/wp\/v2\/users\/277"}],"replies":[{"embeddable":true,"href":"https:\/\/catedraeficiencia.umh.es\/ca\/wp-json\/wp\/v2\/comments?post=26"}],"version-history":[{"count":0,"href":"https:\/\/catedraeficiencia.umh.es\/ca\/wp-json\/wp\/v2\/pages\/26\/revisions"}],"wp:attachment":[{"href":"https:\/\/catedraeficiencia.umh.es\/ca\/wp-json\/wp\/v2\/media?parent=26"}],"curies":[{"name":"wp","href":"https:\/\/api.w.org\/{rel}","templated":true}]}}