{"id":20,"date":"2015-01-15T12:24:22","date_gmt":"2015-01-15T12:24:22","guid":{"rendered":"http:\/\/catedraeficiencia.umh.es\/?page_id=20"},"modified":"2015-03-08T07:56:08","modified_gmt":"2015-03-08T07:56:08","slug":"contacto","status":"publish","type":"page","link":"https:\/\/catedraeficiencia.umh.es\/ca\/contacto\/","title":{"rendered":"Contacte"},"content":{"rendered":"<p>Si t\u00e9 algun <strong>dubte<\/strong> o <strong>suggeriment<\/strong>, pot contactar amb nosaltres a trav\u00e9s del seg\u00fcent formulari:<\/p>\n<div role=\"form\" class=\"wpcf7\" id=\"wpcf7-f60-o2\" lang=\"en-US\" dir=\"ltr\">\n<div class=\"screen-reader-response\"><p role=\"status\" aria-live=\"polite\" aria-atomic=\"true\"><\/p> <ul><\/ul><\/div>\n<form action=\"\/ca\/wp-json\/wp\/v2\/pages\/20#wpcf7-f60-o2\" method=\"post\" class=\"wpcf7-form init\" novalidate=\"novalidate\" data-status=\"init\">\n<div style=\"display: none;\">\n<input type=\"hidden\" name=\"_wpcf7\" value=\"60\" \/>\n<input type=\"hidden\" name=\"_wpcf7_version\" value=\"5.5.2\" \/>\n<input type=\"hidden\" name=\"_wpcf7_locale\" value=\"en_US\" \/>\n<input type=\"hidden\" name=\"_wpcf7_unit_tag\" value=\"wpcf7-f60-o2\" \/>\n<input type=\"hidden\" name=\"_wpcf7_container_post\" value=\"0\" \/>\n<input type=\"hidden\" name=\"_wpcf7_posted_data_hash\" value=\"\" \/>\n<input type=\"hidden\" name=\"_wpcf7_recaptcha_response\" value=\"\" \/>\n<\/div>\n<p>\u201c<strong>Nom de pila\u201c<\/strong><br \/>\n    <span class=\"wpcf7-form-control-wrap your-name\"><input type=\"text\" name=\"your-name\" value=\"\" size=\"40\" class=\"wpcf7-form-control wpcf7-text wpcf7-validates-as-required\" aria-required=\"true\" aria-invalid=\"false\" \/><\/span> <\/p>\n<p>\u201c<strong>Email\u201c<\/strong><br \/>\n    <span class=\"wpcf7-form-control-wrap your-email\"><input type=\"email\" name=\"your-email\" value=\"\" size=\"40\" class=\"wpcf7-form-control wpcf7-text wpcf7-email wpcf7-validates-as-required wpcf7-validates-as-email\" aria-required=\"true\" aria-invalid=\"false\" \/><\/span> <\/p>\n<p>\u201c<strong>Assumpte\u201c<\/strong><br \/>\n    <span class=\"wpcf7-form-control-wrap your-subject\"><input type=\"text\" name=\"your-subject\" value=\"\" size=\"40\" class=\"wpcf7-form-control wpcf7-text\" aria-invalid=\"false\" \/><\/span> <\/p>\n<p>\u201c<strong>El seu missatge\u201c<\/strong><br \/>\n    <span class=\"wpcf7-form-control-wrap your-message\"><textarea name=\"your-message\" cols=\"40\" rows=\"10\" class=\"wpcf7-form-control wpcf7-textarea\" aria-invalid=\"false\"><\/textarea><\/span> <\/p>\n<p><em>To use CAPTCHA, you need <a href=\"https:\/\/wordpress.org\/plugins\/really-simple-captcha\/\">Really Simple CAPTCHA<\/a> plugin installed.<\/em><br \/>\n<span class=\"wpcf7-form-control-wrap captcha-372\"><input type=\"text\" name=\"captcha-372\" value=\"\" size=\"40\" class=\"wpcf7-form-control wpcf7-captchar\" autocomplete=\"off\" aria-invalid=\"false\" placeholder=\"Introduzca los caracteres\" \/><\/span><\/p>\n<p><input type=\"submit\" value=\"Enviar\" class=\"wpcf7-form-control has-spinner wpcf7-submit\" \/><\/p>\n<div class=\"wpcf7-response-output\" aria-hidden=\"true\"><\/div><\/form><\/div>\n<p>\u00a0O b\u00e9 per<strong> correu ordinari<\/strong> a <strong>l&#8217;adre\u00e7a<\/strong>:<\/p>\n<p>Av. de la Universitat s\/n \u2013 Edifici Torretamarit<br \/>\n03202 Elx (Alacant)<\/p>\n<p><strong>Tel\u00e8fon<\/strong>: (+34) 96 665 85 72 (Mayte Tormo)<\/p>","protected":false},"excerpt":{"rendered":"<p>Si t\u00e9 algun dubte o suggeriment, pot contactar amb nosaltres a trav\u00e9s del seg\u00fcent formulari:<\/p>\n<p>\u201cNom de pila\u201c<\/p>\n<p>\u201cEmail\u201c<\/p>\n<p>\u201cAssumpte\u201c<\/p>\n<p>\u201cEl seu missatge\u201c<\/p>\n<p>To use CAPTCHA, you need Really Simple CAPTCHA plugin installed.<\/p>\n<p>\u00a0O b\u00e9 per correu ordinari a l&#8217;adre\u00e7a:<br \/>\nAv. [&#8230;]<\/p>\n","protected":false},"author":277,"featured_media":0,"parent":0,"menu_order":0,"comment_status":"closed","ping_status":"open","template":"","meta":{"ngg_post_thumbnail":0,"_links_to":"","_links_to_target":""},"_links":{"self":[{"href":"https:\/\/catedraeficiencia.umh.es\/ca\/wp-json\/wp\/v2\/pages\/20"}],"collection":[{"href":"https:\/\/catedraeficiencia.umh.es\/ca\/wp-json\/wp\/v2\/pages"}],"about":[{"href":"https:\/\/catedraeficiencia.umh.es\/ca\/wp-json\/wp\/v2\/types\/page"}],"author":[{"embeddable":true,"href":"https:\/\/catedraeficiencia.umh.es\/ca\/wp-json\/wp\/v2\/users\/277"}],"replies":[{"embeddable":true,"href":"https:\/\/catedraeficiencia.umh.es\/ca\/wp-json\/wp\/v2\/comments?post=20"}],"version-history":[{"count":0,"href":"https:\/\/catedraeficiencia.umh.es\/ca\/wp-json\/wp\/v2\/pages\/20\/revisions"}],"wp:attachment":[{"href":"https:\/\/catedraeficiencia.umh.es\/ca\/wp-json\/wp\/v2\/media?parent=20"}],"curies":[{"name":"wp","href":"https:\/\/api.w.org\/{rel}","templated":true}]}}