{"id":187,"date":"2016-04-07T15:38:40","date_gmt":"2016-04-07T15:38:40","guid":{"rendered":"http:\/\/catedraeficiencia.umh.es\/?page_id=187"},"modified":"2016-10-05T06:41:14","modified_gmt":"2016-10-05T06:41:14","slug":"conferencia-del-investigador-dr-javier-barbero-data-envelopment-analysis-toolbox-un-nuevo-paquete-para-matlab","status":"publish","type":"page","link":"https:\/\/catedraeficiencia.umh.es\/ca\/actividades\/2016-2\/conferencia-del-investigador-dr-javier-barbero-data-envelopment-analysis-toolbox-un-nuevo-paquete-para-matlab\/","title":{"rendered":"<span lang=\"es\">(Espa\u00f1ol) Conferencia del Investigador Dr. Javier Barbero: &#8220;Data Envelopment Analysis Toolbox&#8221; un nuevo paquete para Matlab<\/span>"},"content":{"rendered":"<p class=\"qtranxs-available-languages-message qtranxs-available-languages-message-ca\">Ho sentim, aquesta entrada es troba disponible \u00fanicament en <a href=\"https:\/\/catedraeficiencia.umh.es\/es\/wp-json\/wp\/v2\/pages\/187\" class=\"qtranxs-available-language-link qtranxs-available-language-link-es\" title=\"Espa\u00f1ol\">Espanyol Europeu<\/a> i <a href=\"https:\/\/catedraeficiencia.umh.es\/en\/wp-json\/wp\/v2\/pages\/187\" class=\"qtranxs-available-language-link qtranxs-available-language-link-en\" title=\"English\">Angl\u00e8s Americ\u00e0<\/a>.<\/p>","protected":false},"excerpt":{"rendered":"<p>Ho sentim, aquesta entrada es troba disponible \u00fanicament en Espanyol Europeu i Angl\u00e8s Americ\u00e0.<\/p>\n","protected":false},"author":277,"featured_media":0,"parent":184,"menu_order":10,"comment_status":"closed","ping_status":"open","template":"","meta":{"ngg_post_thumbnail":0,"_links_to":"","_links_to_target":""},"_links":{"self":[{"href":"https:\/\/catedraeficiencia.umh.es\/ca\/wp-json\/wp\/v2\/pages\/187"}],"collection":[{"href":"https:\/\/catedraeficiencia.umh.es\/ca\/wp-json\/wp\/v2\/pages"}],"about":[{"href":"https:\/\/catedraeficiencia.umh.es\/ca\/wp-json\/wp\/v2\/types\/page"}],"author":[{"embeddable":true,"href":"https:\/\/catedraeficiencia.umh.es\/ca\/wp-json\/wp\/v2\/users\/277"}],"replies":[{"embeddable":true,"href":"https:\/\/catedraeficiencia.umh.es\/ca\/wp-json\/wp\/v2\/comments?post=187"}],"version-history":[{"count":0,"href":"https:\/\/catedraeficiencia.umh.es\/ca\/wp-json\/wp\/v2\/pages\/187\/revisions"}],"up":[{"embeddable":true,"href":"https:\/\/catedraeficiencia.umh.es\/ca\/wp-json\/wp\/v2\/pages\/184"}],"wp:attachment":[{"href":"https:\/\/catedraeficiencia.umh.es\/ca\/wp-json\/wp\/v2\/media?parent=187"}],"curies":[{"name":"wp","href":"https:\/\/api.w.org\/{rel}","templated":true}]}}