{"id":165,"date":"2015-10-16T15:49:32","date_gmt":"2015-10-16T15:49:32","guid":{"rendered":"http:\/\/catedraeficiencia.umh.es\/?page_id=165"},"modified":"2016-10-05T06:36:38","modified_gmt":"2016-10-05T06:36:38","slug":"conferencia-de-d-jose-m-v-cordero-analisis-de-las-diferencias-entre-paises-en-la-eficiencia-de-sus-centros-escolares","status":"publish","type":"page","link":"https:\/\/catedraeficiencia.umh.es\/ca\/actividades\/2015-2\/conferencia-de-d-jose-m-v-cordero-analisis-de-las-diferencias-entre-paises-en-la-eficiencia-de-sus-centros-escolares\/","title":{"rendered":"<span lang=\"es\">(Espa\u00f1ol) Conferencia Dr. D. Jos\u00e9 M. Cordero: &#8220;An\u00e1lisis de las diferencias entre pa\u00edses en la eficiencia de sus centros escolares&#8221;<\/span>"},"content":{"rendered":"<p class=\"qtranxs-available-languages-message qtranxs-available-languages-message-ca\">Ho sentim, aquesta entrada es troba disponible \u00fanicament en <a href=\"https:\/\/catedraeficiencia.umh.es\/es\/wp-json\/wp\/v2\/pages\/165\" class=\"qtranxs-available-language-link qtranxs-available-language-link-es\" title=\"Espa\u00f1ol\">Espanyol Europeu<\/a> i <a href=\"https:\/\/catedraeficiencia.umh.es\/en\/wp-json\/wp\/v2\/pages\/165\" class=\"qtranxs-available-language-link qtranxs-available-language-link-en\" title=\"English\">Angl\u00e8s Americ\u00e0<\/a>.<\/p>","protected":false},"excerpt":{"rendered":"<p>Ho sentim, aquesta entrada es troba disponible \u00fanicament en Espanyol Europeu i Angl\u00e8s Americ\u00e0.<\/p>\n","protected":false},"author":277,"featured_media":0,"parent":183,"menu_order":20,"comment_status":"closed","ping_status":"open","template":"","meta":{"ngg_post_thumbnail":0,"_links_to":"","_links_to_target":""},"_links":{"self":[{"href":"https:\/\/catedraeficiencia.umh.es\/ca\/wp-json\/wp\/v2\/pages\/165"}],"collection":[{"href":"https:\/\/catedraeficiencia.umh.es\/ca\/wp-json\/wp\/v2\/pages"}],"about":[{"href":"https:\/\/catedraeficiencia.umh.es\/ca\/wp-json\/wp\/v2\/types\/page"}],"author":[{"embeddable":true,"href":"https:\/\/catedraeficiencia.umh.es\/ca\/wp-json\/wp\/v2\/users\/277"}],"replies":[{"embeddable":true,"href":"https:\/\/catedraeficiencia.umh.es\/ca\/wp-json\/wp\/v2\/comments?post=165"}],"version-history":[{"count":0,"href":"https:\/\/catedraeficiencia.umh.es\/ca\/wp-json\/wp\/v2\/pages\/165\/revisions"}],"up":[{"embeddable":true,"href":"https:\/\/catedraeficiencia.umh.es\/ca\/wp-json\/wp\/v2\/pages\/183"}],"wp:attachment":[{"href":"https:\/\/catedraeficiencia.umh.es\/ca\/wp-json\/wp\/v2\/media?parent=165"}],"curies":[{"name":"wp","href":"https:\/\/api.w.org\/{rel}","templated":true}]}}