{"id":114,"date":"2015-06-07T17:25:34","date_gmt":"2015-06-07T17:25:34","guid":{"rendered":"http:\/\/catedraeficiencia.umh.es\/?page_id=114"},"modified":"2020-09-17T20:39:30","modified_gmt":"2020-09-17T18:39:30","slug":"enlaces-de-interes","status":"publish","type":"page","link":"https:\/\/catedraeficiencia.umh.es\/ca\/enlaces-de-interes\/","title":{"rendered":"Enlla\u00e7os d&#8217;inter\u00e9s"},"content":{"rendered":"<p><strong><a href=\"https:\/\/catedraeficiencia.umh.es\/files\/2020\/09\/ProductFlyer_9783030416171.pdf\"><span style=\"text-decoration: underline\">Aparicio J., Lovell C.A.K., Pastor J.T., Zhu J. Eds. (2020). Advances in Efficiency and Productivity II. Springer International Publishing. ISBN: 978-3-030-41617-1.<\/span><\/a><\/strong><\/p>\n<p><a href=\"https:\/\/catedraeficiencia.umh.es\/files\/2020\/09\/ProductFlyer_9783030416171.pdf\"><img loading=\"lazy\" class=\"size-medium wp-image-533 aligncenter\" src=\"https:\/\/catedraeficiencia.umh.es\/files\/2020\/09\/9783030416171-226x300.png\" alt=\"\" width=\"226\" height=\"300\" srcset=\"https:\/\/catedraeficiencia.umh.es\/files\/2020\/09\/9783030416171-226x300.png 226w, https:\/\/catedraeficiencia.umh.es\/files\/2020\/09\/9783030416171-768x1018.png 768w, https:\/\/catedraeficiencia.umh.es\/files\/2020\/09\/9783030416171-773x1024.png 773w, https:\/\/catedraeficiencia.umh.es\/files\/2020\/09\/9783030416171.png 827w\" sizes=\"(max-width: 226px) 100vw, 226px\" \/><\/a><\/p>\n<p>&nbsp;<\/p>\n<p><strong><a href=\"https:\/\/catedraeficiencia.umh.es\/files\/2017\/01\/Flyer_978-3-319-48459-4.pdf\"><span style=\"text-decoration: underline\">Aparicio J., Lovell C.A.K., Pastor J.T. Eds. (2017). Advances in Efficiency and Productivity. Springer International Publishing. ISBN: 978-3-319-48459-4.<\/span><\/a><\/strong><\/p>\n<p><a href=\"https:\/\/catedraeficiencia.umh.es\/files\/2017\/01\/Flyer_978-3-319-48459-4.pdf\"><img loading=\"lazy\" class=\"size-medium wp-image-260 aligncenter\" src=\"https:\/\/catedraeficiencia.umh.es\/files\/2017\/01\/imagen-libro-199x300.png\" alt=\"imagen libro\" width=\"199\" height=\"300\" srcset=\"https:\/\/catedraeficiencia.umh.es\/files\/2017\/01\/imagen-libro-199x300.png 199w, https:\/\/catedraeficiencia.umh.es\/files\/2017\/01\/imagen-libro-768x1158.png 768w, https:\/\/catedraeficiencia.umh.es\/files\/2017\/01\/imagen-libro-679x1024.png 679w, https:\/\/catedraeficiencia.umh.es\/files\/2017\/01\/imagen-libro.png 827w\" sizes=\"(max-width: 199px) 100vw, 199px\" \/><\/a><\/p>\n<p><b><b>&nbsp;Productivity Accounting-The Economics of Business Performance.<\/b><\/b><\/p>\n<p style=\"padding-left: 30px\"><b>Autor: Emili Grifell-Tatj\u00e9- C.A. Knox Lovell.<\/b><\/p>\n<p style=\"text-align: justify;padding-left: 30px\">Productivity Accounting: The Economics of Business Performance ofereix un estudi en profunditat de l&#8217;acompliment empresarial, proporciona al lector un adequat marc anal\u00edtic per a la seva an\u00e0lisi, d\u00f3na els instruments per a l&#8217;estudi de les causes de la seva variaci\u00f3 i avalua les seves conseq\u00fc\u00e8ncies.<\/p>\n<p style=\"padding-left: 30px\"><a href=\"http:\/\/www.bib.uab.cat\/socials\/exposicions\/emiligrifell\/\">http:\/\/www.bib.uab.cat\/socials\/exposicions\/emiligrifell\/<\/a><\/p>\n<p><\/p>","protected":false},"excerpt":{"rendered":"<p>Aparicio J., Lovell C.A.K., Pastor J.T., Zhu J. Eds. (2020). Advances in Efficiency and Productivity II. Springer International Publishing. ISBN: 978-3-030-41617-1.<\/p>\n<p>&nbsp;<br \/>\nAparicio J., Lovell C.A.K., Pastor J.T. Eds. (2017). Advances in Efficiency and Productivity. Springer International Publishing. ISBN: 978-3-319-48459-4.<\/p>\n<p>&nbsp;Productivity Accounting-The Economics of Business Performance.<br \/>\nAutor: Emili Grifell-Tatj\u00e9- C.A. Knox Lovell.<br \/>\nProductivity Accounting: The Economics of Business Performance ofereix [&#8230;]<\/p>\n","protected":false},"author":277,"featured_media":0,"parent":0,"menu_order":0,"comment_status":"closed","ping_status":"open","template":"","meta":{"ngg_post_thumbnail":0,"_links_to":"","_links_to_target":""},"_links":{"self":[{"href":"https:\/\/catedraeficiencia.umh.es\/ca\/wp-json\/wp\/v2\/pages\/114"}],"collection":[{"href":"https:\/\/catedraeficiencia.umh.es\/ca\/wp-json\/wp\/v2\/pages"}],"about":[{"href":"https:\/\/catedraeficiencia.umh.es\/ca\/wp-json\/wp\/v2\/types\/page"}],"author":[{"embeddable":true,"href":"https:\/\/catedraeficiencia.umh.es\/ca\/wp-json\/wp\/v2\/users\/277"}],"replies":[{"embeddable":true,"href":"https:\/\/catedraeficiencia.umh.es\/ca\/wp-json\/wp\/v2\/comments?post=114"}],"version-history":[{"count":0,"href":"https:\/\/catedraeficiencia.umh.es\/ca\/wp-json\/wp\/v2\/pages\/114\/revisions"}],"wp:attachment":[{"href":"https:\/\/catedraeficiencia.umh.es\/ca\/wp-json\/wp\/v2\/media?parent=114"}],"curies":[{"name":"wp","href":"https:\/\/api.w.org\/{rel}","templated":true}]}}